{"id":241,"date":"2023-08-04T09:53:37","date_gmt":"2023-08-04T07:53:37","guid":{"rendered":"http:\/\/lepalanhardi.fr\/?page_id=241"},"modified":"2024-04-23T11:08:55","modified_gmt":"2024-04-23T09:08:55","slug":"theatre-forum","status":"publish","type":"page","link":"https:\/\/lepalanhardi.fr\/index.php\/exemples\/theatre-forum\/","title":{"rendered":"Th\u00e9\u00e2tre Forum"},"content":{"rendered":"\n<h3 class=\"wp-block-heading has-vivid-purple-color has-text-color has-link-color has-medium-font-size wp-elements-6fa74454e496bfccc9a82e42fda050ac\"><span style=\"color:#110085;\"><em>Le Th\u00e9\u00e2tre Forum, c&rsquo;est quoi ?<\/em><\/span><\/h3>\n\n\n\n<div class=\"wp-block-group has-medium-font-size is-vertical is-layout-flex wp-container-core-group-is-layout-8cf370e7 wp-block-group-is-layout-flex\">\n<p style=\"font-size:16px\">Le th\u00e9\u00e2tre forum est un formidable outil d\u2019\u00e9ducation populaire cr\u00e9\u00e9 par Augusto Boal,  dramaturge br\u00e9silien contemporain, qui permet aux spectacteurices, \u00e0 partir de sayn\u00e8tes con\u00e7ues pour l\u2019occasion, de r\u00e9fl\u00e9chir voire rem\u00e9dier collectivement \u00e0 une situation r\u00e9elle insatisfaisante. Le postulat de d\u00e9part est que nous sommes toutes et tous, dans notre quotidien, t\u00e9moins ou victimes d\u2019actes de discriminations et\/ou de violences. Dans un premier temps, l\u2019objectif du th\u00e9\u00e2tre forum va \u00eatre de visibiliser ces situations et d&rsquo;identifier les m\u00e9canismes d\u2019oppression. Dans un second temps, il s&rsquo;agit de chercher \u00e0 augmenter le pouvoir d\u2019agir des personnes  concern\u00e9es, en exp\u00e9rimentant collectivement des strat\u00e9gies m\u00ealant la r\u00e9flexion \u00e0 l\u2019action afin de rendre la situation plus juste ou satisfaisante, et ainsi ne plus subir l\u2019esprit d\u2019escalier *. <\/p>\n<\/div>\n\n\n\n<p class=\"has-small-font-size\"><em>*L&rsquo;esprit de l&rsquo;escalier (ou esprit d&rsquo;escalier) est une expression fran\u00e7aise signifiant que l&rsquo;on pense souvent \u00e0 ce que l&rsquo;on aurait pu et d\u00fb dire de plus juste, apr\u00e8s avoir quitt\u00e9 ses  interlocuteurs (lorsqu&rsquo;on se retrouve au bas de l&rsquo;escalier de leur demeure).<\/em><\/p>\n\n\n\n<figure class=\"wp-block-image size-large\"><img loading=\"lazy\" decoding=\"async\" width=\"1024\" height=\"576\" src=\"http:\/\/lepalanhardi.fr\/wp-content\/uploads\/2023\/12\/20231118_143957-1024x576.jpg\" alt=\"\" class=\"wp-image-348\" srcset=\"https:\/\/lepalanhardi.fr\/wp-content\/uploads\/2023\/12\/20231118_143957-1024x576.jpg 1024w, https:\/\/lepalanhardi.fr\/wp-content\/uploads\/2023\/12\/20231118_143957-300x169.jpg 300w, https:\/\/lepalanhardi.fr\/wp-content\/uploads\/2023\/12\/20231118_143957-768x432.jpg 768w, https:\/\/lepalanhardi.fr\/wp-content\/uploads\/2023\/12\/20231118_143957-1536x864.jpg 1536w, https:\/\/lepalanhardi.fr\/wp-content\/uploads\/2023\/12\/20231118_143957-2048x1152.jpg 2048w\" sizes=\"auto, (max-width: 706px) 89vw, (max-width: 767px) 82vw, 740px\" \/><\/figure>\n\n\n\n<h3 class=\"wp-block-heading has-vivid-purple-color has-text-color has-link-color has-medium-font-size wp-elements-de0097caf3bfc331c5668b1564700cfe\"><span style=\"color:#110085;\"><em>Une forme spectacle<\/em><\/span><\/h3>\n\n\n\n<h3 class=\"wp-block-heading alignwide\" id=\"we-re-a-studio-in-berlin-with-an-international-practice-in-architecture-urban-planning-and-interior-design-we-believe-in-sharing-knowledge-and-promoting-dialogue-to-increase-the-creative-potential-of-collaboration\" style=\"font-size:0px;line-height:1.1\"><span style=\"color:#999999;\">Une forme spectacle<\/span><\/h3>\n\n\n\n<div class=\"wp-block-group is-vertical is-layout-flex wp-container-core-group-is-layout-8cf370e7 wp-block-group-is-layout-flex\">\n<p style=\"font-size:16px\">Une forme spectacle, avec une th\u00e9matique adapt\u00e9e au public. Les sayn\u00e8tes, pr\u00e9alablement \u00e9crites, sont jou\u00e9es par les com\u00e9dien.nes, Un d\u00e9bat a lieu ensuite avec le public qui est  sollicit\u00e9 pour r\u00e9soudre la situation ou la rendre plus satisfaisante. Il s&rsquo;agit d&rsquo;inviter le public \u00e0 formuler des propositions mais aussi, pour celleux qui le souhaitent, \u00e0 jouer l\u2019un.e des personnages qui pourrait venir en soutien \u00e0 l\u2019opprim\u00e9.e. La proposition va ainsi donc  modifier les rapports entre les protagonistes et influencer l\u2019issue de la sc\u00e8ne.<\/p>\n<\/div>\n\n\n\n<h3 class=\"wp-block-heading has-medium-font-size\"><span style=\"color:#110085;\">Une forme atelier<\/span><\/h3>\n\n\n\n<div class=\"wp-block-group is-vertical is-layout-flex wp-container-core-group-is-layout-8cf370e7 wp-block-group-is-layout-flex\">\n<p style=\"font-size:16px\">La seconde forme, se pr\u00e9sente comme un atelier de cr\u00e9ation de  sayn\u00e8tes de th\u00e9\u00e2tre forum par les participant.e.s \u00e0 partir de leurs exp\u00e9riences de vie. Ces sayn\u00e8tes con\u00e7ues en petits groupes servent \u00e0 faire forum avec les autres personnes des diff\u00e9rents groupes qui deviennent des spect-acteurs ou -actrices. Cette deuxi\u00e8me forme est plus souvent utilis\u00e9e lors d\u2019interventions scolaires ou lors de  formations et n\u00e9cessite \u00e0 minima un cr\u00e9neau de trois heures voire plusieurs cr\u00e9neaux selon l\u2019objectif.<\/p>\n<\/div>\n\n\n\n<figure class=\"wp-block-image size-large\"><img loading=\"lazy\" decoding=\"async\" width=\"1024\" height=\"576\" src=\"http:\/\/lepalanhardi.fr\/wp-content\/uploads\/2023\/12\/begon-1024x576.jpg\" alt=\"\" class=\"wp-image-329\" srcset=\"https:\/\/lepalanhardi.fr\/wp-content\/uploads\/2023\/12\/begon-1024x576.jpg 1024w, https:\/\/lepalanhardi.fr\/wp-content\/uploads\/2023\/12\/begon-300x169.jpg 300w, https:\/\/lepalanhardi.fr\/wp-content\/uploads\/2023\/12\/begon-768x432.jpg 768w, https:\/\/lepalanhardi.fr\/wp-content\/uploads\/2023\/12\/begon-1536x864.jpg 1536w, https:\/\/lepalanhardi.fr\/wp-content\/uploads\/2023\/12\/begon.jpg 1600w\" sizes=\"auto, (max-width: 706px) 89vw, (max-width: 767px) 82vw, 740px\" \/><\/figure>\n\n\n\n<h3 class=\"wp-block-heading has-medium-font-size\"><span style=\"color:#110085;\">Publics\n<\/span><\/h3>\n\n\n\n<div class=\"wp-block-group is-vertical is-layout-flex wp-container-core-group-is-layout-8cf370e7 wp-block-group-is-layout-flex\">\n<p style=\"font-size:16px\">Pr\u00e9-ados, ados et adultes, en milieu scolaire, associatif, en entreprise<\/p>\n<\/div>\n\n\n\n<h2 class=\"wp-block-heading has-medium-font-size\"><span style=\"color:#110085;\">Th\u00e9matiques abord\u00e9es<\/span><\/h2>\n\n\n\n<figure class=\"wp-block-gallery has-nested-images columns-default is-cropped wp-block-gallery-1 is-layout-flex wp-block-gallery-is-layout-flex\">\n<figure class=\"wp-block-image size-large\"><img loading=\"lazy\" decoding=\"async\" width=\"1024\" height=\"535\" data-id=\"271\" src=\"http:\/\/lepalanhardi.fr\/wp-content\/uploads\/2023\/08\/leviolentometre1.jpg\" alt=\"\" class=\"wp-image-271\" srcset=\"https:\/\/lepalanhardi.fr\/wp-content\/uploads\/2023\/08\/leviolentometre1.jpg 1024w, https:\/\/lepalanhardi.fr\/wp-content\/uploads\/2023\/08\/leviolentometre1-300x157.jpg 300w, https:\/\/lepalanhardi.fr\/wp-content\/uploads\/2023\/08\/leviolentometre1-768x401.jpg 768w\" sizes=\"auto, (max-width: 706px) 89vw, (max-width: 767px) 82vw, 740px\" \/><figcaption class=\"wp-element-caption\"><strong><mark style=\"background-color:rgba(0, 0, 0, 0)\" class=\"has-inline-color has-white-color\">Harc\u00e8lement et Violences<\/mark><\/strong><\/figcaption><\/figure>\n\n\n\n<figure class=\"wp-block-image size-thumbnail\"><img loading=\"lazy\" decoding=\"async\" width=\"150\" height=\"150\" data-id=\"270\" src=\"http:\/\/lepalanhardi.fr\/wp-content\/uploads\/2023\/08\/expression-et-identite-de-genre21-150x150.jpeg\" alt=\"\" class=\"wp-image-270\" title=\"\" srcset=\"https:\/\/lepalanhardi.fr\/wp-content\/uploads\/2023\/08\/expression-et-identite-de-genre21-150x150.jpeg 150w, https:\/\/lepalanhardi.fr\/wp-content\/uploads\/2023\/08\/expression-et-identite-de-genre21-100x100.jpeg 100w\" sizes=\"auto, (max-width: 150px) 100vw, 150px\" \/><figcaption class=\"wp-element-caption\"><strong><mark style=\"background-color:rgba(0, 0, 0, 0)\" class=\"has-inline-color has-white-color\">Discriminations et In\u00e9galit\u00e9s de genre<\/mark><\/strong><\/figcaption><\/figure>\n\n\n\n<figure class=\"wp-block-image size-large\"><img loading=\"lazy\" decoding=\"async\" width=\"474\" height=\"266\" data-id=\"269\" src=\"http:\/\/lepalanhardi.fr\/wp-content\/uploads\/2023\/08\/mansplaining21.jpeg\" alt=\"\" class=\"wp-image-269\" srcset=\"https:\/\/lepalanhardi.fr\/wp-content\/uploads\/2023\/08\/mansplaining21.jpeg 474w, https:\/\/lepalanhardi.fr\/wp-content\/uploads\/2023\/08\/mansplaining21-300x168.jpeg 300w\" sizes=\"auto, (max-width: 474px) 100vw, 474px\" \/><figcaption class=\"wp-element-caption\"><strong>Mansplaning<\/strong><\/figcaption><\/figure>\n\n\n\n<figure class=\"wp-block-image size-large\"><img loading=\"lazy\" decoding=\"async\" width=\"1024\" height=\"683\" data-id=\"268\" src=\"http:\/\/lepalanhardi.fr\/wp-content\/uploads\/2023\/08\/charge-mentale21-1024x683.jpg\" alt=\"\" class=\"wp-image-268\" srcset=\"https:\/\/lepalanhardi.fr\/wp-content\/uploads\/2023\/08\/charge-mentale21-1024x683.jpg 1024w, https:\/\/lepalanhardi.fr\/wp-content\/uploads\/2023\/08\/charge-mentale21-300x200.jpg 300w, https:\/\/lepalanhardi.fr\/wp-content\/uploads\/2023\/08\/charge-mentale21-768x512.jpg 768w, https:\/\/lepalanhardi.fr\/wp-content\/uploads\/2023\/08\/charge-mentale21.jpg 1200w\" sizes=\"auto, (max-width: 706px) 89vw, (max-width: 767px) 82vw, 740px\" \/><figcaption class=\"wp-element-caption\"><strong><mark style=\"background-color:rgba(0, 0, 0, 0)\" class=\"has-inline-color has-black-color\">Assignations genr\u00e9es et Charge mentale<\/mark><\/strong><\/figcaption><\/figure>\n\n\n\n<figure class=\"wp-block-image size-large\"><img loading=\"lazy\" decoding=\"async\" width=\"427\" height=\"523\" data-id=\"288\" src=\"http:\/\/lepalanhardi.fr\/wp-content\/uploads\/2023\/08\/refus1.jpg\" alt=\"\" class=\"wp-image-288\" srcset=\"https:\/\/lepalanhardi.fr\/wp-content\/uploads\/2023\/08\/refus1.jpg 427w, https:\/\/lepalanhardi.fr\/wp-content\/uploads\/2023\/08\/refus1-245x300.jpg 245w\" sizes=\"auto, (max-width: 427px) 100vw, 427px\" \/><figcaption class=\"wp-element-caption\"><strong>Cyber-Harc\u00e8lement<\/strong><\/figcaption><\/figure>\n\n\n\n<figure class=\"wp-block-image size-large\"><img loading=\"lazy\" decoding=\"async\" width=\"474\" height=\"311\" data-id=\"324\" src=\"http:\/\/lepalanhardi.fr\/wp-content\/uploads\/2023\/12\/surmesure.jpg\" alt=\"\" class=\"wp-image-324\" srcset=\"https:\/\/lepalanhardi.fr\/wp-content\/uploads\/2023\/12\/surmesure.jpg 474w, https:\/\/lepalanhardi.fr\/wp-content\/uploads\/2023\/12\/surmesure-300x197.jpg 300w\" sizes=\"auto, (max-width: 474px) 100vw, 474px\" \/><figcaption class=\"wp-element-caption\"><strong><mark style=\"background-color:rgba(0, 0, 0, 0)\" class=\"has-inline-color has-black-color\">Sur Mesure<\/mark><\/strong><\/figcaption><\/figure>\n<\/figure>\n\n\n\n<h3 class=\"wp-block-heading has-medium-font-size\"><span style=\"color:#110085;\">Sur mesure<strong><\/strong><\/span><\/h3>\n\n\n\n<p style=\"font-size:16px\">Selon les besoins sp\u00e9cifiques de votre public, nous sommes en capacit\u00e9 de composer des<br>sayn\u00e8tes adapt\u00e9es \u00e0 la th\u00e9matique que vous voulez mettre en travail, et\/ou, animer des ateliers pour que les participant.es cr\u00e9ent leur propre sayn\u00e8te \u00e0 partir de leurs exp\u00e9riences.<\/p>\n\n\n\n<h3 class=\"wp-block-heading has-medium-font-size\"><span style=\"color:#110085;\">Contacts<\/span><\/h3>\n\n\n\n<p style=\"font-size:16px\"><mark style=\"background-color:rgba(0, 0, 0, 0)\" class=\"has-inline-color has-black-color\">Franck COURTOIS &#8211; 06 66 71 08 63 &#8211; franckcourtois@yahoo.fr<\/mark><\/p>\n\n\n\n<h3 class=\"wp-block-heading has-vivid-purple-color has-text-color has-link-color has-medium-font-size wp-elements-5fd5b1b0b9446c0ef8662c0dcb7b1689\"><span style=\"color:#110085;\">Remerciements<\/span><\/h3>\n\n\n\n<p style=\"font-size:16px\"><strong>Cie NAJE (<\/strong>92) pour la qualit\u00e9 de leurs formations<br><strong>Cie Et si les sardines avaient des ailes<\/strong> (22), pour leur accompagnement<br><strong>Cie Hors les Rangs<\/strong> (45) pour leur partage<br>Le <strong>coll\u00e8ge <\/strong>La Sologne de Tigy (45), la <strong>MFR<\/strong> de F\u00e9rolles (45),<strong> AEP<\/strong> 45, <strong>ACM Formation<\/strong> (45), <strong>SAEP 45<\/strong>, <strong>La maison B\u00e9gon <\/strong>\u00e0 Blois (41)<br><\/p>\n\n\n\n<p><em>F\u00e9licitation au coll\u00e8ge de Tigy qui a remport\u00e9 le prix \u00ab\u00a0Libert\u00e9, \u00c9galit\u00e9, Mixit\u00e9\u00a0\u00bb 2024 d\u00e9cern\u00e9 par l&rsquo;\u00e9tat et le rectorat pour leur projet th\u00e9\u00e2tre forum auquel nous avons particip\u00e9 !<\/em><\/p>\n","protected":false},"excerpt":{"rendered":"<p>Le Th\u00e9\u00e2tre Forum, c&rsquo;est quoi ? Le th\u00e9\u00e2tre forum est un formidable outil d\u2019\u00e9ducation populaire cr\u00e9\u00e9 par Augusto Boal, dramaturge br\u00e9silien contemporain, qui permet aux spectacteurices, \u00e0 partir de sayn\u00e8tes con\u00e7ues pour l\u2019occasion, de r\u00e9fl\u00e9chir voire rem\u00e9dier collectivement \u00e0 une situation r\u00e9elle insatisfaisante. Le postulat de d\u00e9part est que nous sommes toutes et tous, dans &hellip; <\/p>\n<p class=\"link-more\"><a href=\"https:\/\/lepalanhardi.fr\/index.php\/exemples\/theatre-forum\/\" class=\"more-link\">Continuer la lecture<span class=\"screen-reader-text\"> de &laquo;&nbsp;Th\u00e9\u00e2tre Forum&nbsp;&raquo;<\/span><\/a><\/p>\n","protected":false},"author":1,"featured_media":0,"parent":297,"menu_order":8,"comment_status":"closed","ping_status":"closed","template":"","meta":{"footnotes":""},"class_list":["post-241","page","type-page","status-publish","hentry"],"_links":{"self":[{"href":"https:\/\/lepalanhardi.fr\/index.php\/wp-json\/wp\/v2\/pages\/241","targetHints":{"allow":["GET"]}}],"collection":[{"href":"https:\/\/lepalanhardi.fr\/index.php\/wp-json\/wp\/v2\/pages"}],"about":[{"href":"https:\/\/lepalanhardi.fr\/index.php\/wp-json\/wp\/v2\/types\/page"}],"author":[{"embeddable":true,"href":"https:\/\/lepalanhardi.fr\/index.php\/wp-json\/wp\/v2\/users\/1"}],"replies":[{"embeddable":true,"href":"https:\/\/lepalanhardi.fr\/index.php\/wp-json\/wp\/v2\/comments?post=241"}],"version-history":[{"count":46,"href":"https:\/\/lepalanhardi.fr\/index.php\/wp-json\/wp\/v2\/pages\/241\/revisions"}],"predecessor-version":[{"id":442,"href":"https:\/\/lepalanhardi.fr\/index.php\/wp-json\/wp\/v2\/pages\/241\/revisions\/442"}],"up":[{"embeddable":true,"href":"https:\/\/lepalanhardi.fr\/index.php\/wp-json\/wp\/v2\/pages\/297"}],"wp:attachment":[{"href":"https:\/\/lepalanhardi.fr\/index.php\/wp-json\/wp\/v2\/media?parent=241"}],"curies":[{"name":"wp","href":"https:\/\/api.w.org\/{rel}","templated":true}]}}