{"id":29,"date":"2021-02-17T11:40:23","date_gmt":"2021-02-17T10:40:23","guid":{"rendered":"http:\/\/lepalanhardi.fr\/?page_id=29"},"modified":"2025-01-06T10:38:15","modified_gmt":"2025-01-06T09:38:15","slug":"a-propos-de","status":"publish","type":"page","link":"https:\/\/lepalanhardi.fr\/index.php\/a-propos-de\/","title":{"rendered":"Qui sommes-nous?"},"content":{"rendered":"\n<h3 class=\"wp-block-heading\"><strong><span style=\"color:#110085;\">Gabrielle Pothin<\/span><\/strong><\/h3>\n\n\n\n<figure class=\"wp-block-image size-large\"><img loading=\"lazy\" decoding=\"async\" width=\"150\" height=\"100\" src=\"http:\/\/lepalanhardi.fr\/wp-content\/uploads\/2021\/03\/Gabrielle.png\" alt=\"\" class=\"wp-image-203\"\/><\/figure>\n\n\n\n<p>Depuis plus de 10 ans, Gabrielle accompagne les structures culturelles dans leurs initiatives et leur fonctionnement. Plusieurs postes de coordination lui ont permis d&rsquo;agir autour du faire ensemble et de l&rsquo;animation de groupes. Elle s&rsquo;est form\u00e9e aupr\u00e8s de coop\u00e9ratives d&rsquo;\u00e9ducation populaire, de courants de gouvernance partag\u00e9e (socio\/holacratie\u2026) et en exp\u00e9rimentant sur le terrain. Elle est une habitu\u00e9e des \u00e9changes multi-acteurs (public\/priv\u00e9, institutions\/soci\u00e9t\u00e9 civile\/priv\u00e9 lucratif, intersectoriel\u2026). Fascin\u00e9e par les espaces partag\u00e9s (lieux interm\u00e9diaires, tiers-lieux, communs, habitats\u2026), elle s&rsquo;int\u00e9resse aux transformations collectives et individuelles. Elle \u00e9tudie la m\u00e9diation par la Communication Non Violente et les questions de posture par l&rsquo;anatomie pour le mouvement et le yoga.<\/p>\n\n\n\n<h3 class=\"wp-block-heading\"><strong><span style=\"color:#110085;\">Franck Courtois<\/span><\/strong><\/h3>\n\n\n\n<figure class=\"wp-block-image size-large\"><img loading=\"lazy\" decoding=\"async\" width=\"150\" height=\"100\" src=\"http:\/\/lepalanhardi.fr\/wp-content\/uploads\/2021\/03\/Franck.png\" alt=\"\" class=\"wp-image-205\"\/><\/figure>\n\n\n\n<p>Exp\u00e9rimentateur du quotidien, Franck est investit dans l&rsquo;animation d&rsquo;ateliers collectifs, rencontres et d\u00e9bats aupr\u00e8s d&rsquo;associations et de collectifs militants (prisons, migrants, r\u00e9sistances et alternatives\u2026). Ancien entra\u00eeneur de judo, \u00e9ducateur de rue, accompagnant social, il est form\u00e9 aux pratiques d&rsquo;\u00e9ducation populaire, titulaire d&rsquo;un D.U \u00c9ducation Populaire et Transformation Sociale (Rennes). Depuis 2018, il tourne sa propre conf\u00e9rence gesticul\u00e9e <a href=\"https:\/\/conferences-gesticulees.net\/conferences\/sport-nest-jeu-denfant\/\">Le sport n&rsquo;est pas un jeu d&rsquo;enfant<\/a>, cr\u00e9\u00e9e avec l&rsquo;Universit\u00e9 Populaire de Nantes et l&rsquo;Ardeur. Depuis 2020, Il se forme \u00e9galement au th\u00e9\u00e2tre de l&rsquo;opprim\u00e9 avec les compagnies Naje et Si Les Sardines avaient des ailes. Travaill\u00e9 par les questions de partage, depuis plusieurs ann\u00e9es, il vit au sein d&rsquo;habitats collectifs.<\/p>\n\n\n\n<p><\/p>\n\n\n\n<p><em>Bon \u00e0 savoir : Le Palan Hardi n&rsquo;a pas de structure juridique en soit. Elle est port\u00e9e, selon les accompagnements, par la <a href=\"https:\/\/www.artefacts.coop\/\" data-type=\"URL\" data-id=\"https:\/\/www.artefacts.coop\/\">CAE Art\u00e9facts<\/a> pour Gabrielle et par une micro-entreprise ou par la Cie Fabrika Pulsion<\/em> <em>pour Franck<\/em>.<\/p>\n","protected":false},"excerpt":{"rendered":"<p>Gabrielle Pothin Depuis plus de 10 ans, Gabrielle accompagne les structures culturelles dans leurs initiatives et leur fonctionnement. Plusieurs postes de coordination lui ont permis d&rsquo;agir autour du faire ensemble et de l&rsquo;animation de groupes. Elle s&rsquo;est form\u00e9e aupr\u00e8s de coop\u00e9ratives d&rsquo;\u00e9ducation populaire, de courants de gouvernance partag\u00e9e (socio\/holacratie\u2026) et en exp\u00e9rimentant sur le terrain. &hellip; <\/p>\n<p class=\"link-more\"><a href=\"https:\/\/lepalanhardi.fr\/index.php\/a-propos-de\/\" class=\"more-link\">Continuer la lecture<span class=\"screen-reader-text\"> de &laquo;&nbsp;Qui sommes-nous?&nbsp;&raquo;<\/span><\/a><\/p>\n","protected":false},"author":1,"featured_media":0,"parent":0,"menu_order":0,"comment_status":"closed","ping_status":"closed","template":"","meta":{"footnotes":""},"class_list":["post-29","page","type-page","status-publish","hentry"],"_links":{"self":[{"href":"https:\/\/lepalanhardi.fr\/index.php\/wp-json\/wp\/v2\/pages\/29","targetHints":{"allow":["GET"]}}],"collection":[{"href":"https:\/\/lepalanhardi.fr\/index.php\/wp-json\/wp\/v2\/pages"}],"about":[{"href":"https:\/\/lepalanhardi.fr\/index.php\/wp-json\/wp\/v2\/types\/page"}],"author":[{"embeddable":true,"href":"https:\/\/lepalanhardi.fr\/index.php\/wp-json\/wp\/v2\/users\/1"}],"replies":[{"embeddable":true,"href":"https:\/\/lepalanhardi.fr\/index.php\/wp-json\/wp\/v2\/comments?post=29"}],"version-history":[{"count":9,"href":"https:\/\/lepalanhardi.fr\/index.php\/wp-json\/wp\/v2\/pages\/29\/revisions"}],"predecessor-version":[{"id":450,"href":"https:\/\/lepalanhardi.fr\/index.php\/wp-json\/wp\/v2\/pages\/29\/revisions\/450"}],"wp:attachment":[{"href":"https:\/\/lepalanhardi.fr\/index.php\/wp-json\/wp\/v2\/media?parent=29"}],"curies":[{"name":"wp","href":"https:\/\/api.w.org\/{rel}","templated":true}]}}